{"id":10241,"date":"2025-03-16T00:41:14","date_gmt":"2025-03-16T04:41:14","guid":{"rendered":"https:\/\/castlequestchronicles.com\/sobre-nos\/"},"modified":"2025-05-31T09:46:13","modified_gmt":"2025-05-31T13:46:13","slug":"sobre-nos","status":"publish","type":"page","link":"https:\/\/castlequestchronicles.com\/pt-br\/sobre-nos\/","title":{"rendered":"Sobre N\u00f3s"},"content":{"rendered":"\n    <div class=\"xs_social_share_widget xs_share_url both_content \t\tmain_content  wslu-style-2 wslu-share-box-shaped wslu-fill-colored wslu-share-m-5 wslu-none wslu-share-horizontal wslu-theme-font-no wslu-main_content\">\n\n\t\t\n        <ul>\n\t\t\t        <\/ul>\n    <\/div> \n\t\t<div data-elementor-type=\"wp-page\" data-elementor-id=\"10241\" class=\"elementor elementor-10241 elementor-5374\" data-elementor-post-type=\"page\">\n\t\t\t\t\t\t<section data-exad-particle-enable=\"false\" class=\"elementor-section elementor-top-section elementor-element elementor-element-171d016a elementor-section-boxed elementor-section-height-default elementor-section-height-default exad-parallax-effect-no exad-background-color-change-no rt-parallax-bg-no exad-glass-effect-no exad-sticky-section-no\" data-id=\"171d016a\" data-element_type=\"section\" data-e-type=\"section\" data-settings=\"{&quot;jet_parallax_layout_list&quot;:[]}\">\n\t\t\t\t\t\t<div class=\"elementor-container elementor-column-gap-default\">\n\t\t\t\t\t<div class=\"elementor-column elementor-col-100 elementor-top-column elementor-element elementor-element-9f99e7 exad-glass-effect-no exad-sticky-section-no\" data-id=\"9f99e7\" data-element_type=\"column\" data-e-type=\"column\">\n\t\t\t<div class=\"elementor-widget-wrap elementor-element-populated\">\n\t\t\t\t\t\t<div class=\"elementor-element elementor-element-4f094309 exad-sticky-section-no exad-glass-effect-no elementor-widget elementor-widget-text-editor\" data-id=\"4f094309\" data-element_type=\"widget\" data-e-type=\"widget\" data-widget_type=\"text-editor.default\">\n\t\t\t\t<div class=\"elementor-widget-container\">\n\t\t\t\t\t\t\t\t\t\n<h1 class=\"wp-block-heading\"><strong>Bem-vindo \u00e0 CastleQuest Chronicles<\/strong> \ud83c\udff0<\/h1>\n\n<div class=\"gb-element-6df3b315\">\n<p>Na <strong>CastleQuest Chronicles<\/strong>, castelos n\u00e3o s\u00e3o apenas lugares \u2014 s\u00e3o hist\u00f3ria viva, obras-primas da arquitetura e portais para hist\u00f3rias \u00e9picas. Somos viajantes apaixonados, contadores de hist\u00f3rias e entusiastas da hist\u00f3ria que exploraram mais de 30 pa\u00edses na \u00faltima d\u00e9cada, descobrindo castelos deslumbrantes, fortalezas lend\u00e1rias e joias escondidas ao longo do caminho. <\/p>\n<\/div>\n\n<h2 class=\"wp-block-heading\"><strong>Por que confiar em n\u00f3s?<\/strong><\/h2>\n\n<div class=\"gb-element-d4ea2e31\">\n<p>N\u00f3s n\u00e3o apenas escrevemos sobre castelos \u2014 n\u00f3s os visitamos, caminhamos por seus sal\u00f5es antigos e vivenciamos sua magia de perto. Nos \u00faltimos 10 anos, exploramos desde fortalezas medievais na Europa at\u00e9 constru\u00e7\u00f5es antigas na \u00c1sia e pal\u00e1cios reais na Am\u00e9rica do Norte, sempre mergulhando fundo em sua hist\u00f3ria, mitos e segredos. Ao contr\u00e1rio de muitas fontes, trazemos insights de primeira m\u00e3o, pesquisas especializadas e recomenda\u00e7\u00f5es testadas em viagem para garantir que voc\u00ea tenha os guias mais aut\u00eanticos e confi\u00e1veis.  <\/p>\n<\/div>\n\n<h2 class=\"wp-block-heading\"><strong>Nossa Miss\u00e3o de Castelo<\/strong><\/h2>\n\n<div class=\"gb-element-f1434dcd\">\n<p>Nossa jornada come\u00e7ou com uma profunda fascina\u00e7\u00e3o por castelos, hist\u00f3ria e viagens \u2014 e logo se transformou em uma miss\u00e3o de compartilhar esses lugares incr\u00edveis com o mundo. Se voc\u00ea sonha em passear pelas torres encantadas de Neuschwanstein, caminhar pelas muralhas de batalha do Castelo de Edimburgo ou descobrir as lendas m\u00edsticas do Castelo de Bran, aqui voc\u00ea encontra hist\u00f3rias detalhadas, dicas pr\u00e1ticas de viagem e fotografias de tirar o f\u00f4lego para tornar sua pr\u00f3pria jornada inesquec\u00edvel. <\/p>\n<\/div>\n\n<h2 class=\"wp-block-heading\"><strong>O Que Voc\u00ea Vai Encontrar na CastleQuest Chronicles<\/strong><\/h2>\n\n<div class=\"gb-element-d976cd13\">\n<p>\ud83d\udd39 <strong>Guias de Castelos Aut\u00eanticos <\/strong>\u2013 Roteiros detalhados e bem pesquisados, baseados em experi\u00eancias reais.<br>\ud83d\udd39 <strong>Joias Escondidas & Fortalezas Imperd\u00edveis<\/strong> \u2013 Descubra locais secretos fora das rotas tur\u00edsticas tradicionais.<br>\ud83d\udd39 <strong>Contos Hist\u00f3ricos & M\u00edticos<\/strong> \u2013 Mergulhe nas hist\u00f3rias de reis, rainhas, cavaleiros e batalhas lend\u00e1rias.<br>\ud83d\udd39 <strong>Dicas de Viagem & Roteiros<\/strong> \u2013 Planeje a viagem perfeita com conselhos de especialistas sobre quando e como visitar.<\/p>\n<\/div>\n\n<h2 class=\"wp-block-heading\"><strong>Junte-se \u00e0 Aventura!<\/strong><\/h2>\n\n<div class=\"gb-element-be9dce31\">\n<p>Acreditamos que castelos s\u00e3o muito mais do que ru\u00ednas ou atra\u00e7\u00f5es tur\u00edsticas \u2014 s\u00e3o monumentos atemporais de hist\u00f3ria, poder e imagina\u00e7\u00e3o. Seja voc\u00ea um viajante experiente, um amante da hist\u00f3ria ou algu\u00e9m que sonha em explorar castelos ao redor do mundo, a CastleQuest Chronicles \u00e9 o seu recurso definitivo. <\/p>\n<\/div>\n\n<h2 class=\"wp-block-heading\"><strong>Vamos nos Conectar!<\/strong><\/h2>\n\n<p>Adoramos ouvir outros viajantes! Se voc\u00ea tiver d\u00favidas, quiser conselhos de viagem ou simplesmente compartilhar suas experi\u00eancias, sinta-se \u00e0 vontade para entrar em contato atrav\u00e9s da nossa <a href=\"https:\/\/castlequestchronicles.com\/pt-br\/contato-pt\/\" data-type=\"link\" data-id=\"https:\/\/castlequestchronicles.com\/contact\/\">p\u00e1gina de contato<\/a>. <\/p>\n\n<p><strong>\ud83d\udcdc Acompanhe nossa jornada, descubra novos castelos e vamos embarcar juntos nessa aventura!<\/strong><\/p>\n\t\t\t\t\t\t\t\t<\/div>\n\t\t\t\t<\/div>\n\t\t\t\t\t<\/div>\n\t\t<\/div>\n\t\t\t\t\t<\/div>\n\t\t<\/section>\n\t\t\t\t<\/div>\n\t\t\n    <div class=\"xs_social_share_widget xs_share_url both_content \t\tmain_content  wslu-style-2 wslu-share-box-shaped wslu-fill-colored wslu-share-m-5 wslu-none wslu-share-horizontal wslu-theme-font-no wslu-main_content\">\n\n\t\t\n        <ul>\n\t\t\t        <\/ul>\n    <\/div> \n","protected":false},"excerpt":{"rendered":"<p>Bem-vindo \u00e0 CastleQuest Chronicles \ud83c\udff0 Na CastleQuest Chronicles, castelos n\u00e3o s\u00e3o apenas lugares \u2014 s\u00e3o hist\u00f3ria viva, obras-primas da arquitetura e portais para hist\u00f3rias \u00e9picas. Somos viajantes apaixonados, contadores de hist\u00f3rias e entusiastas da hist\u00f3ria que exploraram mais de 30 pa\u00edses na \u00faltima d\u00e9cada, descobrindo castelos deslumbrantes, fortalezas lend\u00e1rias e joias escondidas ao longo do [&hellip;]<\/p>\n","protected":false},"author":2,"featured_media":0,"parent":0,"menu_order":0,"comment_status":"closed","ping_status":"closed","template":"elementor_theme","meta":{"_kad_blocks_custom_css":"","_kad_blocks_head_custom_js":"","_kad_blocks_body_custom_js":"","_kad_blocks_footer_custom_js":"","_monsterinsights_skip_tracking":false,"_monsterinsights_sitenote_active":false,"_monsterinsights_sitenote_note":"","_monsterinsights_sitenote_category":0,"footnotes":""},"class_list":["post-10241","page","type-page","status-publish","hentry"],"wpml_media_processed":null,"_wp_attachment_image_alt":null,"_wpml_media_usage":null,"short_description":null,"location":null,"continent":null,"country":null,"historical_era":null,"function":null,"construction_period":null,"architectural_style":null,"notable_residents":null,"unesco_status":null,"best_time":null,"official_website":null,"famous_for":null,"estimated_visit_duration":null,"location_perks":null,"visiting_tips":null,"historical_context":null,"castle_coordinates":null,"notable_figures":null,"castle-continent":null,"castle-country":null,"castle-location":null,"castle-function":null,"castle-historical-era":null,"castle-unesco-status":null,"rank_math_primary_castle-unesco-status":null,"rank_math_primary_castle-function":null,"rank_math_primary_castle-historical-era":null,"rank_math_primary_castle-location":null,"rank_math_primary_castle-continent":null,"rank_math_primary_castle-country":null,"_wp_attachment_metadata":null,"rank_math_title":"Conhe\u00e7a os Vision\u00e1rios por Tr\u00e1s da CastleQuest Chronicles","rank_math_description":"Descubra a hist\u00f3ria da CastleQuest Chronicles. Conhe\u00e7a os exploradores apaixonados que trazem at\u00e9 voc\u00ea hist\u00f3rias \u00e9picas, curiosidades hist\u00f3ricas e guias de viagem dos melhores castelos do mundo. ","rank_math_focus_keyword":"Sobre a CastleQuest Chronicles","_wpml_word_count":"466","_thumbnail_id":null,"_wpml_media_duplicate":"","_wpml_media_featured":"","rank_math_primary_category":null,"_wpml_media_has_media":null,"taxonomy_info":[],"featured_image_src_large":false,"author_info":{"display_name":"Gilles","author_link":"https:\/\/castlequestchronicles.com\/pt-br\/author\/castlequest-chronicles\/"},"comment_info":0,"wpml_current_locale":"pt_BR","wpml_translations":[],"_links":{"self":[{"href":"https:\/\/castlequestchronicles.com\/pt-br\/wp-json\/wp\/v2\/pages\/10241","targetHints":{"allow":["GET"]}}],"collection":[{"href":"https:\/\/castlequestchronicles.com\/pt-br\/wp-json\/wp\/v2\/pages"}],"about":[{"href":"https:\/\/castlequestchronicles.com\/pt-br\/wp-json\/wp\/v2\/types\/page"}],"author":[{"embeddable":true,"href":"https:\/\/castlequestchronicles.com\/pt-br\/wp-json\/wp\/v2\/users\/2"}],"replies":[{"embeddable":true,"href":"https:\/\/castlequestchronicles.com\/pt-br\/wp-json\/wp\/v2\/comments?post=10241"}],"version-history":[{"count":3,"href":"https:\/\/castlequestchronicles.com\/pt-br\/wp-json\/wp\/v2\/pages\/10241\/revisions"}],"predecessor-version":[{"id":10244,"href":"https:\/\/castlequestchronicles.com\/pt-br\/wp-json\/wp\/v2\/pages\/10241\/revisions\/10244"}],"wp:attachment":[{"href":"https:\/\/castlequestchronicles.com\/pt-br\/wp-json\/wp\/v2\/media?parent=10241"}],"curies":[{"name":"wp","href":"https:\/\/api.w.org\/{rel}","templated":true}]}}