{"id":10207,"date":"2022-03-02T12:05:15","date_gmt":"2022-03-02T17:05:15","guid":{"rendered":"https:\/\/castlequestchronicles.com\/?page_id=10207"},"modified":"2025-05-31T09:11:55","modified_gmt":"2025-05-31T13:11:55","slug":"contato-pt","status":"publish","type":"page","link":"https:\/\/castlequestchronicles.com\/pt-br\/contato-pt\/","title":{"rendered":"Contato"},"content":{"rendered":"\n    <div class=\"xs_social_share_widget xs_share_url both_content \t\tmain_content  wslu-style-2 wslu-share-box-shaped wslu-fill-colored wslu-share-m-5 wslu-none wslu-share-horizontal wslu-theme-font-no wslu-main_content\">\n\n\t\t\n        <ul>\n\t\t\t        <\/ul>\n    <\/div> \n\t\t<div data-elementor-type=\"wp-page\" data-elementor-id=\"10207\" class=\"elementor elementor-10207 elementor-190\" data-elementor-post-type=\"page\">\n\t\t\t\t\t\t<section data-exad-particle-enable=\"false\" class=\"elementor-section elementor-top-section elementor-element elementor-element-093919d elementor-section-boxed elementor-section-height-default elementor-section-height-default exad-parallax-effect-no exad-background-color-change-no rt-parallax-bg-no exad-glass-effect-no exad-sticky-section-no\" data-id=\"093919d\" data-element_type=\"section\" data-e-type=\"section\" data-settings=\"{&quot;background_background&quot;:&quot;classic&quot;,&quot;jet_parallax_layout_list&quot;:[]}\">\n\t\t\t\t\t\t<div class=\"elementor-container elementor-column-gap-default\">\n\t\t\t\t\t<div class=\"elementor-column elementor-col-100 elementor-top-column elementor-element elementor-element-9717ecd exad-glass-effect-no exad-sticky-section-no\" data-id=\"9717ecd\" data-element_type=\"column\" data-e-type=\"column\">\n\t\t\t<div class=\"elementor-widget-wrap elementor-element-populated\">\n\t\t\t\t\t\t<div class=\"elementor-element elementor-element-139d351 exad-sticky-section-no exad-glass-effect-no elementor-invisible elementor-widget elementor-widget-rt-title\" data-id=\"139d351\" data-element_type=\"widget\" data-e-type=\"widget\" data-widget_type=\"rt-title.default\">\n\t\t\t\t<div class=\"elementor-widget-container\">\n\t\t\t\t\t<div class=\"rt-section-title style2\">\t\n\t\t<h2 class=\"entry-title hide fadeInUp\" data-wow-delay=\"1.2s\" data-wow-duration=\"1s\">Sobre a CastleQuest Chronicles\t<\/h2>\n\t<\/div> \t\t\t\t<\/div>\n\t\t\t\t<\/div>\n\t\t\t\t<div class=\"elementor-element elementor-element-4fe5279 exad-sticky-section-no exad-glass-effect-no elementor-widget elementor-widget-text-editor\" data-id=\"4fe5279\" data-element_type=\"widget\" data-e-type=\"widget\" data-widget_type=\"text-editor.default\">\n\t\t\t\t<div class=\"elementor-widget-container\">\n\t\t\t\t\t\t\t\t\t<p class=\"p1\">Bem-vindo \u00e0 <strong>CastleQuest Chronicles<\/strong>, seu guia definitivo para os castelos mais deslumbrantes do mundo! \ud83c\udff0<b><\/b><\/p><p class=\"p3\">\u2728 <strong>De antigas fortalezas e pal\u00e1cios reais a redutos lend\u00e1rios e maravilhas de conto de fadas<\/strong>, exploramos a rica hist\u00f3ria, os mitos e os detalhes arquitet\u00f4nicos por tr\u00e1s desses marcos ic\u00f4nicos. Seja voc\u00ea um apaixonado por hist\u00f3ria, um amante de viagens ou simplesmente fascinado pela grandiosidade medieval, nossa miss\u00e3o \u00e9 trazer as melhores descobertas sobre castelos, dicas de viagem e tesouros escondidos. Tem d\u00favidas, ideias de colabora\u00e7\u00e3o ou s\u00f3 quer dizer um oi? Fale com a gente \u2014 vamos adorar ouvir voc\u00ea! \ud83d\udcdc\ud83d\udce9<\/p>\t\t\t\t\t\t\t\t<\/div>\n\t\t\t\t<\/div>\n\t\t\t\t<div class=\"elementor-element elementor-element-a72dc3f exad-sticky-section-no exad-glass-effect-no elementor-invisible elementor-widget elementor-widget-rt-title\" data-id=\"a72dc3f\" data-element_type=\"widget\" data-e-type=\"widget\" data-widget_type=\"rt-title.default\">\n\t\t\t\t<div class=\"elementor-widget-container\">\n\t\t\t\t\t<div class=\"rt-section-title style2\">\t\n\t\t<h2 class=\"entry-title hide fadeInUp\" data-wow-delay=\"1.2s\" data-wow-duration=\"1s\">Envie-nos uma Mensagem\t<\/h2>\n\t<\/div> \t\t\t\t<\/div>\n\t\t\t\t<\/div>\n\t\t\t\t<div class=\"elementor-element elementor-element-d834206 exad-sticky-section-no exad-glass-effect-no elementor-widget elementor-widget-wp-widget-fluentform_widget\" data-id=\"d834206\" data-element_type=\"widget\" data-e-type=\"widget\" data-widget_type=\"wp-widget-fluentform_widget.default\">\n\t\t\t\t<div class=\"elementor-widget-container\">\n\t\t\t\t\t<div class='fluentform ff-default fluentform_wrapper_23 ffs_default_wrap'><form data-form_id=\"23\" id=\"fluentform_23\" class=\"frm-fluent-form fluent_form_23 ff-el-form-top ff_form_instance_23_1 ff-form-loading ffs_default\" data-form_instance=\"ff_form_instance_23_1\" method=\"POST\" ><fieldset  style=\"border: none!important;margin: 0!important;padding: 0!important;background-color: transparent!important;box-shadow: none!important;outline: none!important; min-inline-size: 100%;\">\n                    <legend class=\"ff_screen_reader_title\" style=\"display: block; margin: 0!important;padding: 0!important;height: 0!important;text-indent: -999999px;width: 0!important;overflow:hidden;\">Contact Form (PT)<\/legend>        <div\n                style=\"display: none!important; position: absolute!important; transform: translateX(1000%)!important;\"\n                class=\"ff-el-group ff-hpsf-container\"\n        >\n            <div class=\"ff-el-input--label asterisk-right\">\n                <label for=\"ff_23_item_sf\" aria-label=\"Subscribe\">\n                    Subscribe                <\/label>\n            <\/div>\n            <div class=\"ff-el-input--content\">\n                <input type=\"text\"\n                       name=\"item_23__fluent_sf\"\n                       class=\"ff-el-form-control\"\n                       id=\"ff_23_item_sf\"\n                \/>\n            <\/div>\n        <\/div>\n        <input type='hidden' name='__fluent_form_embded_post_id' value='10207' \/><input type=\"hidden\" id=\"_fluentform_23_fluentformnonce\" name=\"_fluentform_23_fluentformnonce\" value=\"3ba5410137\" \/><input type=\"hidden\" name=\"_wp_http_referer\" value=\"\/pt-br\/wp-json\/wp\/v2\/pages\/10207\" \/><div data-name=\"ff_cn_id_1\"  class='ff-t-container ff-column-container ff_columns_total_2 '><div class='ff-t-cell ff-t-column-1' style='flex-basis: 50%;'><div data-type=\"name-element\" data-name=\"names\" class=\" ff-field_container ff-name-field-wrapper\" ><div class='ff-t-container'><div class='ff-t-cell '><div class='ff-el-group'><div class='ff-el-input--content'><input type=\"text\" name=\"names[first_name]\" id=\"ff_23_names_first_name_\" class=\"ff-el-form-control\" placeholder=\"Primeiro Nome\" aria-invalid=\"false\" aria-required=true><\/div><\/div><\/div><\/div><\/div><\/div><div class='ff-t-cell ff-t-column-2' style='flex-basis: 50%;'><div class='ff-el-group'><div class='ff-el-input--content'><input type=\"email\" name=\"email\" id=\"ff_23_email\" class=\"ff-el-form-control\" placeholder=\"Endere\u00e7o de E-mail\" data-name=\"email\"  aria-invalid=\"false\" aria-required=true><\/div><\/div><\/div><\/div><div class='ff-el-group'><div class='ff-el-input--content'><input type=\"text\" name=\"subject_1\" class=\"ff-el-form-control\" placeholder=\"Assunto\" data-name=\"subject_1\" id=\"ff_23_subject_1\"  aria-invalid=\"false\" aria-required=true><\/div><\/div><div class='ff-el-group'><div class='ff-el-input--content'><textarea aria-required=\"true\" aria-labelledby=\"label_ff_23_message\" name=\"message\" id=\"ff_23_message\" class=\"ff-el-form-control\" placeholder=\"Sua Mensagem\" rows=\"8\" cols=\"2\" data-name=\"message\" ><\/textarea><\/div><\/div><div data-name=\"ff_cn_id_2\"  class='ff-t-container ff-column-container ff_columns_total_3 '><div class='ff-t-cell ff-t-column-1' style='flex-basis: 28%;'><\/div><div class='ff-t-cell ff-t-column-2' style='flex-basis: 44%;'><div class='ff-el-group    ff-el-input--content'><div class='ff-el-form-check ff-el-tc'><label aria-label='Termos e condi\u00e7\u00f5es: Li e concordo com a Pol\u00edtica de Privacidade. Cont\u00e9m 1 link. Use a navega\u00e7\u00e3o por abas para revisar.' class='ff-el-form-check-label ff_tc_label' for=terms-n-condition_1_915725dc986302811266a02e46870a59><span class='ff_tc_checkbox'><input type=\"checkbox\" name=\"terms-n-condition_1\" class=\"ff-el-form-check-input\" data-name=\"terms-n-condition_1\" id=\"terms-n-condition_1_915725dc986302811266a02e46870a59\"  value='on' aria-invalid='false' aria-required=true><\/span> <div class='ff_t_c'><p>Li e concordo com a <span style=\"color: #ff0000\"><a style=\"color: #ff0000\" href=\"https:\/\/castlequestchronicles.com\/pt-br\/politica-de-privacidade\/\" target=\"_blank\" rel=\"noopener\">Pol\u00edtica de Privacidade<\/a><\/span>.<\/p><\/div><\/label><\/div><\/div><\/div><div class='ff-t-cell ff-t-column-3' style='flex-basis: 28%;'><\/div><\/div><div class='ff-el-group ff-text-center ff_submit_btn_wrapper'><button type=\"submit\" class=\"ff-btn ff-btn-submit ff-btn-lg ff_btn_no_style\"  aria-label=\"Enviar Formul\u00e1rio\">Enviar Formul\u00e1rio<\/button><\/div><\/fieldset><\/form><div id='fluentform_23_errors' class='ff-errors-in-stack ff_form_instance_23_1 ff-form-loading_errors ff_form_instance_23_1_errors'><\/div><\/div>            <script type=\"text\/javascript\">\n                window.fluent_form_ff_form_instance_23_1 = {\"id\":\"23\",\"ajaxUrl\":\"https:\\\/\\\/castlequestchronicles.com\\\/wp-admin\\\/admin-ajax.php\",\"settings\":{\"layout\":{\"labelPlacement\":\"top\",\"helpMessagePlacement\":\"with_label\",\"errorMessagePlacement\":\"inline\",\"cssClassName\":\"\",\"asteriskPlacement\":\"asterisk-right\"},\"restrictions\":{\"denyEmptySubmission\":{\"enabled\":false}}},\"form_instance\":\"ff_form_instance_23_1\",\"form_id_selector\":\"fluentform_23\",\"rules\":{\"names[first_name]\":{\"required\":{\"value\":true,\"message\":\"Este campo \\u00e9 obrigat\\u00f3rio\",\"global\":false,\"global_message\":\"Ce champ est obligatoire\"}},\"names[middle_name]\":{\"required\":{\"value\":false,\"message\":\"This field is required\",\"global\":false,\"global_message\":\"Ce champ est obligatoire\"}},\"names[last_name]\":{\"required\":{\"value\":false,\"message\":\"This field is required\",\"global\":false,\"global_message\":\"Ce champ est obligatoire\"}},\"email\":{\"required\":{\"value\":true,\"message\":\"Este campo \\u00e9 obrigat\\u00f3rio\",\"global\":false,\"global_message\":\"Ce champ est obligatoire\"},\"email\":{\"value\":true,\"message\":\"Este campo deve conter um e-mail v\\u00e1lido\",\"global\":false,\"global_message\":\"Ce champ doit contenir une adresse e-mail valide\"}},\"subject_1\":{\"required\":{\"value\":true,\"message\":\"Este campo \\u00e9 obrigat\\u00f3rio\",\"global\":false,\"global_message\":\"Ce champ est obligatoire\"}},\"message\":{\"required\":{\"value\":true,\"message\":\"Este campo \\u00e9 obrigat\\u00f3rio\",\"global\":false,\"global_message\":\"Ce champ est obligatoire\"}},\"terms-n-condition_1\":{\"required\":{\"value\":true,\"message\":\"Este campo \\u00e9 obrigat\\u00f3rio\",\"global_message\":\"Ce champ est obligatoire\",\"global\":false}}},\"debounce_time\":300};\n                            <\/script>\n            \t\t\t\t<\/div>\n\t\t\t\t<\/div>\n\t\t\t\t\t<\/div>\n\t\t<\/div>\n\t\t\t\t\t<\/div>\n\t\t<\/section>\n\t\t\t\t<\/div>\n\t\t\n    <div class=\"xs_social_share_widget xs_share_url both_content \t\tmain_content  wslu-style-2 wslu-share-box-shaped wslu-fill-colored wslu-share-m-5 wslu-none wslu-share-horizontal wslu-theme-font-no wslu-main_content\">\n\n\t\t\n        <ul>\n\t\t\t        <\/ul>\n    <\/div> \n","protected":false},"excerpt":{"rendered":"<p>Sobre a CastleQuest Chronicles Bem-vindo \u00e0 CastleQuest Chronicles, seu guia definitivo para os castelos mais deslumbrantes do mundo! \ud83c\udff0 \u2728 De antigas fortalezas e pal\u00e1cios reais a redutos lend\u00e1rios e maravilhas de conto de fadas, exploramos a rica hist\u00f3ria, os mitos e os detalhes arquitet\u00f4nicos por tr\u00e1s desses marcos ic\u00f4nicos. Seja voc\u00ea um apaixonado por [&hellip;]<\/p>\n","protected":false},"author":2,"featured_media":0,"parent":0,"menu_order":0,"comment_status":"closed","ping_status":"closed","template":"","meta":{"_kad_blocks_custom_css":"","_kad_blocks_head_custom_js":"","_kad_blocks_body_custom_js":"","_kad_blocks_footer_custom_js":"","_monsterinsights_skip_tracking":false,"_monsterinsights_sitenote_active":false,"_monsterinsights_sitenote_note":"","_monsterinsights_sitenote_category":0,"footnotes":""},"class_list":["post-10207","page","type-page","status-publish","hentry"],"wpml_media_processed":null,"_wp_attachment_image_alt":null,"_wpml_media_usage":null,"short_description":null,"location":null,"continent":null,"country":null,"historical_era":null,"function":null,"construction_period":null,"architectural_style":null,"notable_residents":null,"unesco_status":null,"best_time":null,"official_website":null,"famous_for":null,"estimated_visit_duration":null,"location_perks":null,"visiting_tips":null,"historical_context":null,"castle_coordinates":null,"notable_figures":null,"castle-continent":null,"castle-country":null,"castle-location":null,"castle-function":null,"castle-historical-era":null,"castle-unesco-status":null,"rank_math_primary_castle-unesco-status":null,"rank_math_primary_castle-function":null,"rank_math_primary_castle-historical-era":null,"rank_math_primary_castle-location":null,"rank_math_primary_castle-continent":null,"rank_math_primary_castle-country":null,"_wp_attachment_metadata":null,"rank_math_title":"","rank_math_description":"","rank_math_focus_keyword":"","_wpml_word_count":"120","_thumbnail_id":null,"_wpml_media_duplicate":"1","_wpml_media_featured":"1","rank_math_primary_category":null,"_wpml_media_has_media":null,"taxonomy_info":[],"featured_image_src_large":false,"author_info":{"display_name":"Gilles","author_link":"https:\/\/castlequestchronicles.com\/pt-br\/author\/castlequest-chronicles\/"},"comment_info":0,"wpml_current_locale":"pt_BR","wpml_translations":[],"_links":{"self":[{"href":"https:\/\/castlequestchronicles.com\/pt-br\/wp-json\/wp\/v2\/pages\/10207","targetHints":{"allow":["GET"]}}],"collection":[{"href":"https:\/\/castlequestchronicles.com\/pt-br\/wp-json\/wp\/v2\/pages"}],"about":[{"href":"https:\/\/castlequestchronicles.com\/pt-br\/wp-json\/wp\/v2\/types\/page"}],"author":[{"embeddable":true,"href":"https:\/\/castlequestchronicles.com\/pt-br\/wp-json\/wp\/v2\/users\/2"}],"replies":[{"embeddable":true,"href":"https:\/\/castlequestchronicles.com\/pt-br\/wp-json\/wp\/v2\/comments?post=10207"}],"version-history":[{"count":15,"href":"https:\/\/castlequestchronicles.com\/pt-br\/wp-json\/wp\/v2\/pages\/10207\/revisions"}],"predecessor-version":[{"id":10236,"href":"https:\/\/castlequestchronicles.com\/pt-br\/wp-json\/wp\/v2\/pages\/10207\/revisions\/10236"}],"wp:attachment":[{"href":"https:\/\/castlequestchronicles.com\/pt-br\/wp-json\/wp\/v2\/media?parent=10207"}],"curies":[{"name":"wp","href":"https:\/\/api.w.org\/{rel}","templated":true}]}}