{"id":7388,"date":"2022-03-02T12:05:15","date_gmt":"2022-03-02T17:05:15","guid":{"rendered":"https:\/\/castlequestchronicles.com\/contact-2\/"},"modified":"2025-05-31T08:29:25","modified_gmt":"2025-05-31T12:29:25","slug":"contact-2","status":"publish","type":"page","link":"https:\/\/castlequestchronicles.com\/fr\/contact-2\/","title":{"rendered":"Contact"},"content":{"rendered":"\n    <div class=\"xs_social_share_widget xs_share_url both_content \t\tmain_content  wslu-style-2 wslu-share-box-shaped wslu-fill-colored wslu-share-m-5 wslu-none wslu-share-horizontal wslu-theme-font-no wslu-main_content\">\n\n\t\t\n        <ul>\n\t\t\t        <\/ul>\n    <\/div> \n\t\t<div data-elementor-type=\"wp-page\" data-elementor-id=\"7388\" class=\"elementor elementor-7388 elementor-190\" data-elementor-post-type=\"page\">\n\t\t\t\t\t\t<section data-exad-particle-enable=\"false\" class=\"elementor-section elementor-top-section elementor-element elementor-element-e0f1e43 elementor-section-boxed elementor-section-height-default elementor-section-height-default exad-parallax-effect-no exad-background-color-change-no rt-parallax-bg-no exad-glass-effect-no exad-sticky-section-no\" data-id=\"e0f1e43\" data-element_type=\"section\" data-e-type=\"section\" data-settings=\"{&quot;background_background&quot;:&quot;classic&quot;,&quot;jet_parallax_layout_list&quot;:[]}\">\n\t\t\t\t\t\t<div class=\"elementor-container elementor-column-gap-default\">\n\t\t\t\t\t<div class=\"elementor-column elementor-col-100 elementor-top-column elementor-element elementor-element-1cc5119 exad-glass-effect-no exad-sticky-section-no\" data-id=\"1cc5119\" data-element_type=\"column\" data-e-type=\"column\">\n\t\t\t<div class=\"elementor-widget-wrap elementor-element-populated\">\n\t\t\t\t\t\t<div class=\"elementor-element elementor-element-731ae52 exad-sticky-section-no exad-glass-effect-no elementor-invisible elementor-widget elementor-widget-rt-title\" data-id=\"731ae52\" data-element_type=\"widget\" data-e-type=\"widget\" data-widget_type=\"rt-title.default\">\n\t\t\t\t<div class=\"elementor-widget-container\">\n\t\t\t\t\t<div class=\"rt-section-title style2\">\t\n\t\t<h2 class=\"entry-title hide fadeInUp\" data-wow-delay=\"1.2s\" data-wow-duration=\"1s\">\u00c0 Propos de CastleQuest Chronicles\t<\/h2>\n\t<\/div> \t\t\t\t<\/div>\n\t\t\t\t<\/div>\n\t\t\t\t<div class=\"elementor-element elementor-element-1d935f7 exad-sticky-section-no exad-glass-effect-no elementor-widget elementor-widget-text-editor\" data-id=\"1d935f7\" data-element_type=\"widget\" data-e-type=\"widget\" data-widget_type=\"text-editor.default\">\n\t\t\t\t<div class=\"elementor-widget-container\">\n\t\t\t\t\t\t\t\t\t<p>Bienvenue sur <strong data-start=\"47\" data-end=\"73\">CastleQuest Chronicles<\/strong>, votre guide ultime des ch\u00e2teaux les plus \u00e9poustouflants du monde! \ud83c\udff0<\/p><p>\u2728 Des <strong data-start=\"146\" data-end=\"233\">forteresses antiques et palais royaux aux bastions l\u00e9gendaires et merveilles f\u00e9eriques<\/strong>, nous explorons l\u2019histoire riche, les mythes et les merveilles architecturales derri\u00e8re ces monuments embl\u00e9matiques. Que vous soyez passionn\u00e9 d\u2019histoire, amoureux des voyages ou simplement fascin\u00e9 par la grandeur m\u00e9di\u00e9vale, notre mission est de vous offrir les meilleurs r\u00e9cits sur les ch\u00e2teaux, des conseils de voyage et des tr\u00e9sors cach\u00e9s. Vous avez des questions, des id\u00e9es de collaboration ou simplement envie de dire bonjour? Contactez-nous \u2014 nous serions ravis de vous lire! \ud83d\udcdc\ud83d\udce9<\/p>\t\t\t\t\t\t\t\t<\/div>\n\t\t\t\t<\/div>\n\t\t\t\t<div class=\"elementor-element elementor-element-336dc33 exad-sticky-section-no exad-glass-effect-no elementor-invisible elementor-widget elementor-widget-rt-title\" data-id=\"336dc33\" data-element_type=\"widget\" data-e-type=\"widget\" data-widget_type=\"rt-title.default\">\n\t\t\t\t<div class=\"elementor-widget-container\">\n\t\t\t\t\t<div class=\"rt-section-title style2\">\t\n\t\t<h2 class=\"entry-title hide fadeInUp\" data-wow-delay=\"1.2s\" data-wow-duration=\"1s\">Envoyez-Nous un Message\t<\/h2>\n\t<\/div> \t\t\t\t<\/div>\n\t\t\t\t<\/div>\n\t\t\t\t<div class=\"elementor-element elementor-element-5c7b0b5 exad-sticky-section-no exad-glass-effect-no elementor-widget elementor-widget-wp-widget-fluentform_widget\" data-id=\"5c7b0b5\" data-element_type=\"widget\" data-e-type=\"widget\" data-widget_type=\"wp-widget-fluentform_widget.default\">\n\t\t\t\t<div class=\"elementor-widget-container\">\n\t\t\t\t\t<div class='fluentform ff-default fluentform_wrapper_10 ffs_default_wrap'><form data-form_id=\"10\" id=\"fluentform_10\" class=\"frm-fluent-form fluent_form_10 ff-el-form-top ff_form_instance_10_1 ff-form-loading ffs_default\" data-form_instance=\"ff_form_instance_10_1\" method=\"POST\" ><fieldset  style=\"border: none!important;margin: 0!important;padding: 0!important;background-color: transparent!important;box-shadow: none!important;outline: none!important; min-inline-size: 100%;\">\n                    <legend class=\"ff_screen_reader_title\" style=\"display: block; margin: 0!important;padding: 0!important;height: 0!important;text-indent: -999999px;width: 0!important;overflow:hidden;\">Contact Form (FR)<\/legend>        <div\n                style=\"display: none!important; position: absolute!important; transform: translateX(1000%)!important;\"\n                class=\"ff-el-group ff-hpsf-container\"\n        >\n            <div class=\"ff-el-input--label asterisk-right\">\n                <label for=\"ff_10_item_sf\" aria-label=\"Contact\">\n                    Contact                <\/label>\n            <\/div>\n            <div class=\"ff-el-input--content\">\n                <input type=\"text\"\n                       name=\"item_10__fluent_sf\"\n                       class=\"ff-el-form-control\"\n                       id=\"ff_10_item_sf\"\n                \/>\n            <\/div>\n        <\/div>\n        <input type='hidden' name='__fluent_form_embded_post_id' value='7388' \/><input type=\"hidden\" id=\"_fluentform_10_fluentformnonce\" name=\"_fluentform_10_fluentformnonce\" value=\"3ba5410137\" \/><input type=\"hidden\" name=\"_wp_http_referer\" value=\"\/fr\/wp-json\/wp\/v2\/pages\/7388\" \/><div data-name=\"ff_cn_id_1\"  class='ff-t-container ff-column-container ff_columns_total_2 '><div class='ff-t-cell ff-t-column-1' style='flex-basis: 50%;'><div data-type=\"name-element\" data-name=\"names\" class=\" ff-field_container ff-name-field-wrapper\" ><div class='ff-t-container'><div class='ff-t-cell '><div class='ff-el-group'><div class='ff-el-input--content'><input type=\"text\" name=\"names[first_name]\" id=\"ff_10_names_first_name_\" class=\"ff-el-form-control\" placeholder=\"Pr\u00e9nom\" aria-invalid=\"false\" aria-required=true><\/div><\/div><\/div><\/div><\/div><\/div><div class='ff-t-cell ff-t-column-2' style='flex-basis: 50%;'><div class='ff-el-group'><div class='ff-el-input--content'><input type=\"email\" name=\"email\" id=\"ff_10_email\" class=\"ff-el-form-control\" placeholder=\"Adresse e-mail\" data-name=\"email\"  aria-invalid=\"false\" aria-required=true><\/div><\/div><\/div><\/div><div class='ff-el-group'><div class='ff-el-input--content'><input type=\"text\" name=\"subject_1\" class=\"ff-el-form-control\" placeholder=\"Sujet\" data-name=\"subject_1\" id=\"ff_10_subject_1\"  aria-invalid=\"false\" aria-required=true><\/div><\/div><div class='ff-el-group'><div class='ff-el-input--content'><textarea aria-required=\"true\" aria-labelledby=\"label_ff_10_message\" name=\"message\" id=\"ff_10_message\" class=\"ff-el-form-control\" placeholder=\"Votre message\" rows=\"8\" cols=\"2\" data-name=\"message\" ><\/textarea><\/div><\/div><div data-name=\"ff_cn_id_2\"  class='ff-t-container ff-column-container ff_columns_total_3 '><div class='ff-t-cell ff-t-column-1' style='flex-basis: 28%;'><\/div><div class='ff-t-cell ff-t-column-2' style='flex-basis: 44%;'><div class='ff-el-group    ff-el-input--content'><div class='ff-el-form-check ff-el-tc'><label aria-label='Terms and Conditions: J&#039;ai lu et j&#039;accepte la Politique de confidentialit\u00e9. Contains 1 link. Use tab navigation to review.' class='ff-el-form-check-label ff_tc_label' for=terms-n-condition_1_5878ec6a33bb282d363eada2ea383424><span class='ff_tc_checkbox'><input type=\"checkbox\" name=\"terms-n-condition_1\" class=\"ff-el-form-check-input\" data-name=\"terms-n-condition_1\" id=\"terms-n-condition_1_5878ec6a33bb282d363eada2ea383424\"  value='on' aria-invalid='false' aria-required=true><\/span> <div class='ff_t_c'><p style=\"text-align: left\">J'ai lu et j'accepte la <a href=\"https:\/\/castlequestchronicles.com\/fr\/politique-de-confidentialite\/\" target=\"_blank\" rel=\"noopener\"><span style=\"color: #ff0000\">Politique de confidentialit\u00e9<\/span><\/a>.<\/p><\/div><\/label><\/div><\/div><\/div><div class='ff-t-cell ff-t-column-3' style='flex-basis: 28%;'><\/div><\/div><div class='ff-el-group ff-text-center ff_submit_btn_wrapper'><button type=\"submit\" class=\"ff-btn ff-btn-submit ff-btn-lg ff_btn_no_style\"  aria-label=\"Soumettre le message\">Soumettre le message<\/button><\/div><\/fieldset><\/form><div id='fluentform_10_errors' class='ff-errors-in-stack ff_form_instance_10_1 ff-form-loading_errors ff_form_instance_10_1_errors'><\/div><\/div>            <script type=\"text\/javascript\">\n                window.fluent_form_ff_form_instance_10_1 = {\"id\":\"10\",\"ajaxUrl\":\"https:\\\/\\\/castlequestchronicles.com\\\/wp-admin\\\/admin-ajax.php\",\"settings\":{\"layout\":{\"labelPlacement\":\"top\",\"helpMessagePlacement\":\"with_label\",\"errorMessagePlacement\":\"inline\",\"cssClassName\":\"\",\"asteriskPlacement\":\"asterisk-right\"},\"restrictions\":{\"denyEmptySubmission\":{\"enabled\":false}}},\"form_instance\":\"ff_form_instance_10_1\",\"form_id_selector\":\"fluentform_10\",\"rules\":{\"names[first_name]\":{\"required\":{\"value\":true,\"message\":\"Ce champ est requis\",\"global\":false,\"global_message\":\"Ce champ est obligatoire\"}},\"names[middle_name]\":{\"required\":{\"value\":false,\"message\":\"This field is required\",\"global\":false,\"global_message\":\"Ce champ est obligatoire\"}},\"names[last_name]\":{\"required\":{\"value\":false,\"message\":\"This field is required\",\"global\":false,\"global_message\":\"Ce champ est obligatoire\"}},\"email\":{\"required\":{\"value\":true,\"message\":\"Ce champ est requis\",\"global\":false,\"global_message\":\"Ce champ est obligatoire\"},\"email\":{\"value\":true,\"message\":\"Ce champ doit contenir une adresse e-mail valide\",\"global\":false,\"global_message\":\"Ce champ doit contenir une adresse e-mail valide\"}},\"subject_1\":{\"required\":{\"value\":true,\"message\":\"Ce champ est requis\",\"global\":false,\"global_message\":\"Ce champ est obligatoire\"}},\"message\":{\"required\":{\"value\":true,\"message\":\"Ce champ est requis\",\"global\":false,\"global_message\":\"Ce champ est obligatoire\"}},\"terms-n-condition_1\":{\"required\":{\"value\":true,\"message\":\"Ce champ est requis\",\"global_message\":\"Ce champ est obligatoire\",\"global\":false}}},\"debounce_time\":300};\n                            <\/script>\n            \t\t\t\t<\/div>\n\t\t\t\t<\/div>\n\t\t\t\t\t<\/div>\n\t\t<\/div>\n\t\t\t\t\t<\/div>\n\t\t<\/section>\n\t\t\t\t<\/div>\n\t\t\n    <div class=\"xs_social_share_widget xs_share_url both_content \t\tmain_content  wslu-style-2 wslu-share-box-shaped wslu-fill-colored wslu-share-m-5 wslu-none wslu-share-horizontal wslu-theme-font-no wslu-main_content\">\n\n\t\t\n        <ul>\n\t\t\t        <\/ul>\n    <\/div> \n","protected":false},"excerpt":{"rendered":"<p>\u00c0 Propos de CastleQuest Chronicles Bienvenue sur CastleQuest Chronicles, votre guide ultime des ch\u00e2teaux les plus \u00e9poustouflants du monde! \ud83c\udff0 \u2728 Des forteresses antiques et palais royaux aux bastions l\u00e9gendaires et merveilles f\u00e9eriques, nous explorons l\u2019histoire riche, les mythes et les merveilles architecturales derri\u00e8re ces monuments embl\u00e9matiques. Que vous soyez passionn\u00e9 d\u2019histoire, amoureux des voyages [&hellip;]<\/p>\n","protected":false},"author":2,"featured_media":0,"parent":0,"menu_order":0,"comment_status":"closed","ping_status":"closed","template":"","meta":{"_kad_blocks_custom_css":"","_kad_blocks_head_custom_js":"","_kad_blocks_body_custom_js":"","_kad_blocks_footer_custom_js":"","_monsterinsights_skip_tracking":false,"_monsterinsights_sitenote_active":false,"_monsterinsights_sitenote_note":"","_monsterinsights_sitenote_category":0,"footnotes":""},"class_list":["post-7388","page","type-page","status-publish","hentry"],"wpml_media_processed":null,"_wp_attachment_image_alt":null,"_wpml_media_usage":null,"short_description":null,"location":null,"continent":null,"country":null,"historical_era":null,"function":null,"construction_period":null,"architectural_style":null,"notable_residents":null,"unesco_status":null,"best_time":null,"official_website":null,"famous_for":null,"estimated_visit_duration":null,"location_perks":null,"visiting_tips":null,"historical_context":null,"castle_coordinates":null,"notable_figures":null,"castle-continent":null,"castle-country":null,"castle-location":null,"castle-function":null,"castle-historical-era":null,"castle-unesco-status":null,"rank_math_primary_castle-unesco-status":null,"rank_math_primary_castle-function":null,"rank_math_primary_castle-historical-era":null,"rank_math_primary_castle-location":null,"rank_math_primary_castle-continent":null,"rank_math_primary_castle-country":null,"_wp_attachment_metadata":null,"rank_math_title":"Prenez contact avec CastleQuest Chronicles d\u00e8s aujourd\u2019hui","rank_math_description":"Vous avez des questions, des retours ou des id\u00e9es? Contactez CastleQuest Chronicles et \u00e9changez avec notre \u00e9quipe d\u2019explorateurs de ch\u00e2teaux et de conteurs de voyage. Nous serions ravis de vous entendre!","rank_math_focus_keyword":"Contactez CastleQuest Chronicles","_wpml_word_count":"135","_thumbnail_id":null,"_wpml_media_duplicate":"","_wpml_media_featured":"","rank_math_primary_category":null,"_wpml_media_has_media":null,"taxonomy_info":[],"featured_image_src_large":false,"author_info":{"display_name":"Gilles","author_link":"https:\/\/castlequestchronicles.com\/fr\/author\/castlequest-chronicles\/"},"comment_info":0,"wpml_current_locale":"fr_FR","wpml_translations":{"es_ES":{"locale":"es_ES","id":7624,"slug":"contacto","post_title":"Contacto","href":"https:\/\/castlequestchronicles.com\/es\/contacto\/"},"de_DE":{"locale":"de_DE","id":10198,"slug":"kontakt","post_title":"Kontakt","href":"https:\/\/castlequestchronicles.com\/de\/kontakt\/"},"pt_BR":{"locale":"pt_BR","id":10207,"slug":"contato-pt","post_title":"Contato","href":"https:\/\/castlequestchronicles.com\/pt-br\/contato-pt\/"}},"_links":{"self":[{"href":"https:\/\/castlequestchronicles.com\/fr\/wp-json\/wp\/v2\/pages\/7388","targetHints":{"allow":["GET"]}}],"collection":[{"href":"https:\/\/castlequestchronicles.com\/fr\/wp-json\/wp\/v2\/pages"}],"about":[{"href":"https:\/\/castlequestchronicles.com\/fr\/wp-json\/wp\/v2\/types\/page"}],"author":[{"embeddable":true,"href":"https:\/\/castlequestchronicles.com\/fr\/wp-json\/wp\/v2\/users\/2"}],"replies":[{"embeddable":true,"href":"https:\/\/castlequestchronicles.com\/fr\/wp-json\/wp\/v2\/comments?post=7388"}],"version-history":[{"count":19,"href":"https:\/\/castlequestchronicles.com\/fr\/wp-json\/wp\/v2\/pages\/7388\/revisions"}],"predecessor-version":[{"id":10230,"href":"https:\/\/castlequestchronicles.com\/fr\/wp-json\/wp\/v2\/pages\/7388\/revisions\/10230"}],"wp:attachment":[{"href":"https:\/\/castlequestchronicles.com\/fr\/wp-json\/wp\/v2\/media?parent=7388"}],"curies":[{"name":"wp","href":"https:\/\/api.w.org\/{rel}","templated":true}]}}