{"id":7371,"date":"2025-03-16T00:41:14","date_gmt":"2025-03-16T04:41:14","guid":{"rendered":"https:\/\/castlequestchronicles.com\/a-propos\/"},"modified":"2025-04-06T20:58:45","modified_gmt":"2025-04-07T00:58:45","slug":"a-propos","status":"publish","type":"page","link":"https:\/\/castlequestchronicles.com\/fr\/a-propos\/","title":{"rendered":"\u00c0 Propos"},"content":{"rendered":"\n    <div class=\"xs_social_share_widget xs_share_url both_content \t\tmain_content  wslu-style-2 wslu-share-box-shaped wslu-fill-colored wslu-share-m-5 wslu-none wslu-share-horizontal wslu-theme-font-no wslu-main_content\">\n\n\t\t\n        <ul>\n\t\t\t        <\/ul>\n    <\/div> \n\t\t<div data-elementor-type=\"wp-page\" data-elementor-id=\"7371\" class=\"elementor elementor-7371 elementor-5374\" data-elementor-post-type=\"page\">\n\t\t\t\t\t\t<section data-exad-particle-enable=\"false\" class=\"elementor-section elementor-top-section elementor-element elementor-element-171d016a elementor-section-boxed elementor-section-height-default elementor-section-height-default exad-parallax-effect-no exad-background-color-change-no rt-parallax-bg-no exad-glass-effect-no exad-sticky-section-no\" data-id=\"171d016a\" data-element_type=\"section\" data-e-type=\"section\" data-settings=\"{&quot;jet_parallax_layout_list&quot;:[]}\">\n\t\t\t\t\t\t<div class=\"elementor-container elementor-column-gap-default\">\n\t\t\t\t\t<div class=\"elementor-column elementor-col-100 elementor-top-column elementor-element elementor-element-9f99e7 exad-glass-effect-no exad-sticky-section-no\" data-id=\"9f99e7\" data-element_type=\"column\" data-e-type=\"column\">\n\t\t\t<div class=\"elementor-widget-wrap elementor-element-populated\">\n\t\t\t\t\t\t<div class=\"elementor-element elementor-element-4f094309 exad-sticky-section-no exad-glass-effect-no elementor-widget elementor-widget-text-editor\" data-id=\"4f094309\" data-element_type=\"widget\" data-e-type=\"widget\" data-widget_type=\"text-editor.default\">\n\t\t\t\t<div class=\"elementor-widget-container\">\n\t\t\t\t\t\t\t\t\t\n<h1 class=\"wp-block-heading\"><strong>Bienvenue sur CastleQuest Chronicles<\/strong> \ud83c\udff0<\/h1>\n\n<div class=\"gb-element-6df3b315\">\n<p>Chez <strong>CastleQuest Chronicles<\/strong>, les ch\u00e2teaux ne sont pas de simples lieux \u2014 ce sont des fragments d\u2019histoire vivante, des chefs-d\u2019\u0153uvre architecturaux et des portes ouvertes sur des r\u00e9cits \u00e9piques. Nous sommes des voyageurs passionn\u00e9s, des conteurs curieux et de v\u00e9ritables amoureux d\u2019histoire. Au cours de la derni\u00e8re d\u00e9cennie, nous avons explor\u00e9 plus de 30 pays, \u00e0 la recherche de ch\u00e2teaux majestueux, de forteresses l\u00e9gendaires et de joyaux cach\u00e9s que peu connaissent.<\/p>\n<\/div>\n\n<h2 class=\"wp-block-heading\"><strong>Pourquoi nous faire confiance?<\/strong><\/h2>\n\n<div class=\"gb-element-d4ea2e31\">\n<p>Nous ne faisons pas que parler des ch\u00e2teaux \u2014 nous voyageons jusqu\u2019\u00e0 eux, arpentons leurs couloirs anciens et vivons leur magie de nos propres yeux. Au cours des dix derni\u00e8res ann\u00e9es, nous avons explor\u00e9 aussi bien des bastions m\u00e9di\u00e9vaux en Europe que d\u2019anciennes forteresses en Asie et des palais royaux en Am\u00e9rique du Nord, en plongeant \u00e0 chaque fois au c\u0153ur de leur histoire, de leurs mythes et de leurs secrets. Contrairement \u00e0 d\u2019autres sources, nous vous offrons des r\u00e9cits de premi\u00e8re main, des recherches approfondies et des recommandations \u00e9prouv\u00e9es sur le terrain, pour vous garantir des guides de ch\u00e2teaux authentiques et fiables.<\/p>\n<\/div>\n\n<h2 class=\"wp-block-heading\"><strong>Notre qu\u00eate des ch\u00e2teaux<\/strong><\/h2>\n\n<div class=\"gb-element-f1434dcd\">\n<p>Notre aventure a commenc\u00e9 par une profonde fascination pour les ch\u00e2teaux, l\u2019histoire et les voyages, et elle est rapidement devenue une mission : faire d\u00e9couvrir ces lieux extraordinaires au monde entier. Que vous r\u00eaviez d\u2019errer parmi les tours f\u00e9eriques de Neuschwanstein, de vous tenir sur les remparts marqu\u00e9s par les batailles du ch\u00e2teau d\u2019\u00c9dimbourg, ou de percer les l\u00e9gendes mystiques du ch\u00e2teau de Bran, nous vous offrons des r\u00e9cits d\u00e9taill\u00e9s, des conseils pratiques pour vos voyages et des photographies \u00e0 couper le souffle pour rendre votre propre aventure inoubliable.<\/p>\n<\/div>\n\n<h2 class=\"wp-block-heading\"><strong>Ce que vous d\u00e9couvrirez sur CastleQuest Chronicles<\/strong><\/h2>\n\n<div class=\"gb-element-d976cd13\">\n<p>\ud83d\udd39 <strong>Guides de ch\u00e2teaux authentiques<\/strong> \u2013 Des guides d\u00e9taill\u00e9s, fond\u00e9s sur des recherches solides et des exp\u00e9riences v\u00e9cues.<br>\ud83d\udd39 <strong>Tr\u00e9sors cach\u00e9s et forteresses incontournables<\/strong> \u2013 D\u00e9couvrez des lieux secrets, loin des sentiers touristiques habituels.<br>\ud83d\udd39 <strong>R\u00e9cits historiques et mythiques<\/strong> \u2013 Plongez dans les histoires de rois, reines, chevaliers et batailles l\u00e9gendaires.<br>\ud83d\udd39 <strong>Conseils de voyage et itin\u00e9raires<\/strong> \u2013 Pr\u00e9parez le voyage id\u00e9al gr\u00e2ce \u00e0 nos conseils d\u2019experts sur le meilleur moment et la meilleure fa\u00e7on de visiter.<\/p>\n<\/div>\n\n<h2 class=\"wp-block-heading\"><strong>Rejoignez l\u2019aventure!<\/strong><\/h2>\n\n<div class=\"gb-element-be9dce31\">\n<p>Nous croyons que les ch\u00e2teaux sont bien plus que de simples ruines ou attractions touristiques \u2014 ce sont des monuments intemporels d\u2019histoire, de pouvoir et d\u2019imagination. Que vous soyez un voyageur aguerri, un passionn\u00e9 d\u2019histoire ou simplement quelqu\u2019un qui r\u00eave d\u2019explorer les ch\u00e2teaux du monde entier, CastleQuest Chronicles est votre ressource incontournable.<\/p>\n<\/div>\n\n<h2 class=\"wp-block-heading\"><strong>Restons en contact!<\/strong><\/h2>\n\n<p>J\u2019adorerais entendre les r\u00e9cits d\u2019autres voyageurs! Si vous avez des questions, besoin de conseils de voyage ou envie de partager vos exp\u00e9riences, n\u2019h\u00e9sitez pas \u00e0 nous contacter en visitant la page <a href=\"https:\/\/castlequestchronicles.com\/fr\/contact-2\/\" data-type=\"link\" data-id=\"https:\/\/castlequestchronicles.com\/contact\/\">Contact.<\/a><\/p>\n\n<p>\ud83d\udcdc <strong>Suivez notre aventure, explorez de nouveaux ch\u00e2teaux et embarquons ensemble dans cette \u00e9pop\u00e9e!<\/strong><\/p>\n\t\t\t\t\t\t\t\t<\/div>\n\t\t\t\t<\/div>\n\t\t\t\t\t<\/div>\n\t\t<\/div>\n\t\t\t\t\t<\/div>\n\t\t<\/section>\n\t\t\t\t<\/div>\n\t\t\n    <div class=\"xs_social_share_widget xs_share_url both_content \t\tmain_content  wslu-style-2 wslu-share-box-shaped wslu-fill-colored wslu-share-m-5 wslu-none wslu-share-horizontal wslu-theme-font-no wslu-main_content\">\n\n\t\t\n        <ul>\n\t\t\t        <\/ul>\n    <\/div> \n","protected":false},"excerpt":{"rendered":"<p>Bienvenue sur CastleQuest Chronicles \ud83c\udff0 Chez CastleQuest Chronicles, les ch\u00e2teaux ne sont pas de simples lieux \u2014 ce sont des fragments d\u2019histoire vivante, des chefs-d\u2019\u0153uvre architecturaux et des portes ouvertes sur des r\u00e9cits \u00e9piques. Nous sommes des voyageurs passionn\u00e9s, des conteurs curieux et de v\u00e9ritables amoureux d\u2019histoire. Au cours de la derni\u00e8re d\u00e9cennie, nous avons [&hellip;]<\/p>\n","protected":false},"author":2,"featured_media":0,"parent":0,"menu_order":0,"comment_status":"closed","ping_status":"closed","template":"elementor_theme","meta":{"_kad_blocks_custom_css":"","_kad_blocks_head_custom_js":"","_kad_blocks_body_custom_js":"","_kad_blocks_footer_custom_js":"","_monsterinsights_skip_tracking":false,"_monsterinsights_sitenote_active":false,"_monsterinsights_sitenote_note":"","_monsterinsights_sitenote_category":0,"footnotes":""},"class_list":["post-7371","page","type-page","status-publish","hentry"],"wpml_media_processed":null,"_wp_attachment_image_alt":null,"_wpml_media_usage":null,"short_description":null,"location":null,"continent":null,"country":null,"historical_era":null,"function":null,"construction_period":null,"architectural_style":null,"notable_residents":null,"unesco_status":null,"best_time":null,"official_website":null,"famous_for":null,"estimated_visit_duration":null,"location_perks":null,"visiting_tips":null,"historical_context":null,"castle_coordinates":null,"notable_figures":null,"castle-continent":null,"castle-country":null,"castle-location":null,"castle-function":null,"castle-historical-era":null,"castle-unesco-status":null,"rank_math_primary_castle-unesco-status":null,"rank_math_primary_castle-function":null,"rank_math_primary_castle-historical-era":null,"rank_math_primary_castle-location":null,"rank_math_primary_castle-continent":null,"rank_math_primary_castle-country":null,"_wp_attachment_metadata":null,"rank_math_title":"Faites connaissance avec les visionnaires derri\u00e8re CastleQuest Chronicles","rank_math_description":"D\u00e9couvrez l\u2019histoire de CastleQuest Chronicles. Rencontrez les explorateurs passionn\u00e9s qui vous font d\u00e9couvrir des r\u00e9cits \u00e9piques, des pages d\u2019histoire et des guides de voyage des plus beaux ch\u00e2teaux du monde.","rank_math_focus_keyword":"A propos de CastleQuest Chronicles","_wpml_word_count":"548","_thumbnail_id":null,"_wpml_media_duplicate":"","_wpml_media_featured":"","rank_math_primary_category":null,"_wpml_media_has_media":null,"taxonomy_info":[],"featured_image_src_large":false,"author_info":{"display_name":"Gilles","author_link":"https:\/\/castlequestchronicles.com\/fr\/author\/castlequest-chronicles\/"},"comment_info":0,"wpml_current_locale":"fr_FR","wpml_translations":{"es_ES":{"locale":"es_ES","id":7626,"slug":"sobre-nosotros","post_title":"Sobre Nosotros","href":"https:\/\/castlequestchronicles.com\/es\/sobre-nosotros\/"},"de_DE":{"locale":"de_DE","id":10237,"slug":"uber-uns","post_title":"\u00dcber UNS","href":"https:\/\/castlequestchronicles.com\/de\/uber-uns\/"},"pt_BR":{"locale":"pt_BR","id":10241,"slug":"sobre-nos","post_title":"Sobre N\u00f3s","href":"https:\/\/castlequestchronicles.com\/pt-br\/sobre-nos\/"}},"_links":{"self":[{"href":"https:\/\/castlequestchronicles.com\/fr\/wp-json\/wp\/v2\/pages\/7371","targetHints":{"allow":["GET"]}}],"collection":[{"href":"https:\/\/castlequestchronicles.com\/fr\/wp-json\/wp\/v2\/pages"}],"about":[{"href":"https:\/\/castlequestchronicles.com\/fr\/wp-json\/wp\/v2\/types\/page"}],"author":[{"embeddable":true,"href":"https:\/\/castlequestchronicles.com\/fr\/wp-json\/wp\/v2\/users\/2"}],"replies":[{"embeddable":true,"href":"https:\/\/castlequestchronicles.com\/fr\/wp-json\/wp\/v2\/comments?post=7371"}],"version-history":[{"count":7,"href":"https:\/\/castlequestchronicles.com\/fr\/wp-json\/wp\/v2\/pages\/7371\/revisions"}],"predecessor-version":[{"id":7405,"href":"https:\/\/castlequestchronicles.com\/fr\/wp-json\/wp\/v2\/pages\/7371\/revisions\/7405"}],"wp:attachment":[{"href":"https:\/\/castlequestchronicles.com\/fr\/wp-json\/wp\/v2\/media?parent=7371"}],"curies":[{"name":"wp","href":"https:\/\/api.w.org\/{rel}","templated":true}]}}