{"id":7624,"date":"2022-03-02T12:05:15","date_gmt":"2022-03-02T17:05:15","guid":{"rendered":"https:\/\/castlequestchronicles.com\/contacto\/"},"modified":"2025-05-31T00:53:29","modified_gmt":"2025-05-31T04:53:29","slug":"contacto","status":"publish","type":"page","link":"https:\/\/castlequestchronicles.com\/es\/contacto\/","title":{"rendered":"Contacto"},"content":{"rendered":"\n    <div class=\"xs_social_share_widget xs_share_url both_content \t\tmain_content  wslu-style-2 wslu-share-box-shaped wslu-fill-colored wslu-share-m-5 wslu-none wslu-share-horizontal wslu-theme-font-no wslu-main_content\">\n\n\t\t\n        <ul>\n\t\t\t        <\/ul>\n    <\/div> \n\t\t<div data-elementor-type=\"wp-page\" data-elementor-id=\"7624\" class=\"elementor elementor-7624 elementor-190\" data-elementor-post-type=\"page\">\n\t\t\t\t\t\t<section data-exad-particle-enable=\"false\" class=\"elementor-section elementor-top-section elementor-element elementor-element-e0f1e43 elementor-section-boxed elementor-section-height-default elementor-section-height-default exad-parallax-effect-no exad-background-color-change-no rt-parallax-bg-no exad-glass-effect-no exad-sticky-section-no\" data-id=\"e0f1e43\" data-element_type=\"section\" data-e-type=\"section\" data-settings=\"{&quot;background_background&quot;:&quot;classic&quot;,&quot;jet_parallax_layout_list&quot;:[]}\">\n\t\t\t\t\t\t<div class=\"elementor-container elementor-column-gap-default\">\n\t\t\t\t\t<div class=\"elementor-column elementor-col-100 elementor-top-column elementor-element elementor-element-1cc5119 exad-glass-effect-no exad-sticky-section-no\" data-id=\"1cc5119\" data-element_type=\"column\" data-e-type=\"column\">\n\t\t\t<div class=\"elementor-widget-wrap elementor-element-populated\">\n\t\t\t\t\t\t<div class=\"elementor-element elementor-element-731ae52 exad-sticky-section-no exad-glass-effect-no elementor-invisible elementor-widget elementor-widget-rt-title\" data-id=\"731ae52\" data-element_type=\"widget\" data-e-type=\"widget\" data-widget_type=\"rt-title.default\">\n\t\t\t\t<div class=\"elementor-widget-container\">\n\t\t\t\t\t<div class=\"rt-section-title style2\">\t\n\t\t<h2 class=\"entry-title hide fadeInUp\" data-wow-delay=\"1.2s\" data-wow-duration=\"1s\">Sobre CastleQuest Chronicles\t<\/h2>\n\t<\/div> \t\t\t\t<\/div>\n\t\t\t\t<\/div>\n\t\t\t\t<div class=\"elementor-element elementor-element-1d935f7 exad-sticky-section-no exad-glass-effect-no elementor-widget elementor-widget-text-editor\" data-id=\"1d935f7\" data-element_type=\"widget\" data-e-type=\"widget\" data-widget_type=\"text-editor.default\">\n\t\t\t\t<div class=\"elementor-widget-container\">\n\t\t\t\t\t\t\t\t\t<p>\u00a1Bienvenido a <strong data-start=\"47\" data-end=\"73\">CastleQuest Chronicles<\/strong>, tu gu\u00eda definitiva para descubrir los castillos m\u00e1s impresionantes del mundo! \ud83c\udff0<\/p><p>\u2728 <strong data-start=\"146\" data-end=\"233\">Desde antiguas fortalezas y palacios reales hasta bastiones legendarios y maravillas de cuento de hadas<\/strong>, exploramos la rica historia, los mitos y las maravillas arquitect\u00f3nicas detr\u00e1s de estos lugares emblem\u00e1ticos. Ya seas un apasionado de la historia, un amante de los viajes o simplemente te fascine la grandeza medieval, nuestra misi\u00f3n es ofrecerte las mejores gu\u00edas sobre castillos, consejos de viaje y joyas ocultas por descubrir. \u00bfTienes preguntas, ideas para colaborar o simplemente quieres saludarnos? \u00a1Escr\u00edbenos, nos encantar\u00eda saber de ti! \ud83d\udcdc\ud83d\udce9<\/p>\t\t\t\t\t\t\t\t<\/div>\n\t\t\t\t<\/div>\n\t\t\t\t<div class=\"elementor-element elementor-element-336dc33 exad-sticky-section-no exad-glass-effect-no elementor-invisible elementor-widget elementor-widget-rt-title\" data-id=\"336dc33\" data-element_type=\"widget\" data-e-type=\"widget\" data-widget_type=\"rt-title.default\">\n\t\t\t\t<div class=\"elementor-widget-container\">\n\t\t\t\t\t<div class=\"rt-section-title style2\">\t\n\t\t<h2 class=\"entry-title hide fadeInUp\" data-wow-delay=\"1.2s\" data-wow-duration=\"1s\">Env\u00edanos un Mensaje\t<\/h2>\n\t<\/div> \t\t\t\t<\/div>\n\t\t\t\t<\/div>\n\t\t\t\t<div class=\"elementor-element elementor-element-5c7b0b5 exad-sticky-section-no exad-glass-effect-no elementor-widget elementor-widget-wp-widget-fluentform_widget\" data-id=\"5c7b0b5\" data-element_type=\"widget\" data-e-type=\"widget\" data-widget_type=\"wp-widget-fluentform_widget.default\">\n\t\t\t\t<div class=\"elementor-widget-container\">\n\t\t\t\t\t<div class='fluentform ff-default fluentform_wrapper_21 ffs_default_wrap'><form data-form_id=\"21\" id=\"fluentform_21\" class=\"frm-fluent-form fluent_form_21 ff-el-form-top ff_form_instance_21_1 ff-form-loading ffs_default\" data-form_instance=\"ff_form_instance_21_1\" method=\"POST\" ><fieldset  style=\"border: none!important;margin: 0!important;padding: 0!important;background-color: transparent!important;box-shadow: none!important;outline: none!important; min-inline-size: 100%;\">\n                    <legend class=\"ff_screen_reader_title\" style=\"display: block; margin: 0!important;padding: 0!important;height: 0!important;text-indent: -999999px;width: 0!important;overflow:hidden;\">Contact Form (ES)<\/legend>        <div\n                style=\"display: none!important; position: absolute!important; transform: translateX(1000%)!important;\"\n                class=\"ff-el-group ff-hpsf-container\"\n        >\n            <div class=\"ff-el-input--label asterisk-right\">\n                <label for=\"ff_21_item_sf\" aria-label=\"Subscribe\">\n                    Subscribe                <\/label>\n            <\/div>\n            <div class=\"ff-el-input--content\">\n                <input type=\"text\"\n                       name=\"item_21__fluent_sf\"\n                       class=\"ff-el-form-control\"\n                       id=\"ff_21_item_sf\"\n                \/>\n            <\/div>\n        <\/div>\n        <input type='hidden' name='__fluent_form_embded_post_id' value='7624' \/><input type=\"hidden\" id=\"_fluentform_21_fluentformnonce\" name=\"_fluentform_21_fluentformnonce\" value=\"e26df630d2\" \/><input type=\"hidden\" name=\"_wp_http_referer\" value=\"\/es\/wp-json\/wp\/v2\/pages\/7624\" \/><div data-name=\"ff_cn_id_1\"  class='ff-t-container ff-column-container ff_columns_total_2 '><div class='ff-t-cell ff-t-column-1' style='flex-basis: 50%;'><div data-type=\"name-element\" data-name=\"names\" class=\" ff-field_container ff-name-field-wrapper\" ><div class='ff-t-container'><div class='ff-t-cell '><div class='ff-el-group'><div class='ff-el-input--content'><input type=\"text\" name=\"names[first_name]\" id=\"ff_21_names_first_name_\" class=\"ff-el-form-control\" placeholder=\"Nombre\" aria-invalid=\"false\" aria-required=true><\/div><\/div><\/div><\/div><\/div><\/div><div class='ff-t-cell ff-t-column-2' style='flex-basis: 50%;'><div class='ff-el-group'><div class='ff-el-input--content'><input type=\"email\" name=\"email\" id=\"ff_21_email\" class=\"ff-el-form-control\" placeholder=\"Direcci\u00f3n de Correo Electr\u00f3nico\" data-name=\"email\"  aria-invalid=\"false\" aria-required=true><\/div><\/div><\/div><\/div><div class='ff-el-group'><div class='ff-el-input--content'><input type=\"text\" name=\"subject_1\" class=\"ff-el-form-control\" placeholder=\"Asunto\" data-name=\"subject_1\" id=\"ff_21_subject_1\"  aria-invalid=\"false\" aria-required=true><\/div><\/div><div class='ff-el-group'><div class='ff-el-input--content'><textarea aria-required=\"true\" aria-labelledby=\"label_ff_21_message\" name=\"message\" id=\"ff_21_message\" class=\"ff-el-form-control\" placeholder=\"Tu Mensaje\" rows=\"8\" cols=\"2\" data-name=\"message\" ><\/textarea><\/div><\/div><div data-name=\"ff_cn_id_2\"  class='ff-t-container ff-column-container ff_columns_total_3 '><div class='ff-t-cell ff-t-column-1' style='flex-basis: 30%;'><\/div><div class='ff-t-cell ff-t-column-2' style='flex-basis: 38%;'><div class='ff-el-group    ff-el-input--content'><div class='ff-el-form-check ff-el-tc'><label aria-label='T\u00e9rminos y condiciones: He le\u00eddo y acepto la Pol\u00edtica de Privacidad. Contiene 1 enlace. Usa la navegaci\u00f3n por pesta\u00f1as para rese\u00f1ar.' class='ff-el-form-check-label ff_tc_label' for=terms-n-condition_1_6de61e1b3996a18b3619cb4a5ad755ee><span class='ff_tc_checkbox'><input type=\"checkbox\" name=\"terms-n-condition_1\" class=\"ff-el-form-check-input\" data-name=\"terms-n-condition_1\" id=\"terms-n-condition_1_6de61e1b3996a18b3619cb4a5ad755ee\"  value='on' aria-invalid='false' aria-required=true><\/span> <div class='ff_t_c'><p>He le\u00eddo y acepto la <span style=\"color: #ff0000\"><a style=\"color: #ff0000\" href=\"https:\/\/castlequestchronicles.com\/es\/politica-de-privacidad\/\" target=\"_blank\" rel=\"noopener\">Pol\u00edtica de Privacidad<\/a><\/span>.<\/p><\/div><\/label><\/div><\/div><\/div><div class='ff-t-cell ff-t-column-3' style='flex-basis: 30%;'><\/div><\/div><div class='ff-el-group ff-text-center ff_submit_btn_wrapper'><button type=\"submit\" class=\"ff-btn ff-btn-submit ff-btn-lg ff_btn_no_style\"  aria-label=\"Enviar Formulario\">Enviar Formulario<\/button><\/div><\/fieldset><\/form><div id='fluentform_21_errors' class='ff-errors-in-stack ff_form_instance_21_1 ff-form-loading_errors ff_form_instance_21_1_errors'><\/div><\/div>            <script type=\"text\/javascript\">\n                window.fluent_form_ff_form_instance_21_1 = {\"id\":\"21\",\"ajaxUrl\":\"https:\\\/\\\/castlequestchronicles.com\\\/wp-admin\\\/admin-ajax.php\",\"settings\":{\"layout\":{\"labelPlacement\":\"top\",\"helpMessagePlacement\":\"with_label\",\"errorMessagePlacement\":\"inline\",\"cssClassName\":\"\",\"asteriskPlacement\":\"asterisk-right\"},\"restrictions\":{\"denyEmptySubmission\":{\"enabled\":false}}},\"form_instance\":\"ff_form_instance_21_1\",\"form_id_selector\":\"fluentform_21\",\"rules\":{\"names[first_name]\":{\"required\":{\"value\":true,\"message\":\"Este campo es obligatorio\",\"global\":false,\"global_message\":\"Ce champ est obligatoire\"}},\"names[middle_name]\":{\"required\":{\"value\":false,\"message\":\"This field is required\",\"global\":false,\"global_message\":\"Ce champ est obligatoire\"}},\"names[last_name]\":{\"required\":{\"value\":false,\"message\":\"This field is required\",\"global\":false,\"global_message\":\"Ce champ est obligatoire\"}},\"email\":{\"required\":{\"value\":true,\"message\":\"Este campo es obligatorio\",\"global\":false,\"global_message\":\"Ce champ est obligatoire\"},\"email\":{\"value\":true,\"message\":\"Este campo debe contener un correo electr\\u00f3nico v\\u00e1lido\",\"global\":false,\"global_message\":\"Ce champ doit contenir une adresse e-mail valide\"}},\"subject_1\":{\"required\":{\"value\":true,\"message\":\"Este campo es obligatorio\",\"global\":false,\"global_message\":\"Ce champ est obligatoire\"}},\"message\":{\"required\":{\"value\":true,\"message\":\"Este campo es obligatorio\",\"global\":false,\"global_message\":\"Ce champ est obligatoire\"}},\"terms-n-condition_1\":{\"required\":{\"value\":true,\"message\":\"Este campo es obligatorio\",\"global_message\":\"Ce champ est obligatoire\",\"global\":false}}},\"debounce_time\":300};\n                            <\/script>\n            \t\t\t\t<\/div>\n\t\t\t\t<\/div>\n\t\t\t\t\t<\/div>\n\t\t<\/div>\n\t\t\t\t\t<\/div>\n\t\t<\/section>\n\t\t\t\t<\/div>\n\t\t\n    <div class=\"xs_social_share_widget xs_share_url both_content \t\tmain_content  wslu-style-2 wslu-share-box-shaped wslu-fill-colored wslu-share-m-5 wslu-none wslu-share-horizontal wslu-theme-font-no wslu-main_content\">\n\n\t\t\n        <ul>\n\t\t\t        <\/ul>\n    <\/div> \n","protected":false},"excerpt":{"rendered":"<p>Sobre CastleQuest Chronicles \u00a1Bienvenido a CastleQuest Chronicles, tu gu\u00eda definitiva para descubrir los castillos m\u00e1s impresionantes del mundo! \ud83c\udff0 \u2728 Desde antiguas fortalezas y palacios reales hasta bastiones legendarios y maravillas de cuento de hadas, exploramos la rica historia, los mitos y las maravillas arquitect\u00f3nicas detr\u00e1s de estos lugares emblem\u00e1ticos. Ya seas un apasionado de [&hellip;]<\/p>\n","protected":false},"author":2,"featured_media":0,"parent":0,"menu_order":0,"comment_status":"closed","ping_status":"closed","template":"","meta":{"_kad_blocks_custom_css":"","_kad_blocks_head_custom_js":"","_kad_blocks_body_custom_js":"","_kad_blocks_footer_custom_js":"","_monsterinsights_skip_tracking":false,"_monsterinsights_sitenote_active":false,"_monsterinsights_sitenote_note":"","_monsterinsights_sitenote_category":0,"footnotes":""},"class_list":["post-7624","page","type-page","status-publish","hentry"],"wpml_media_processed":null,"_wp_attachment_image_alt":null,"_wpml_media_usage":null,"short_description":null,"location":null,"continent":null,"country":null,"historical_era":null,"function":null,"construction_period":null,"architectural_style":null,"notable_residents":null,"unesco_status":null,"best_time":null,"official_website":null,"famous_for":null,"estimated_visit_duration":null,"location_perks":null,"visiting_tips":null,"historical_context":null,"castle_coordinates":null,"notable_figures":null,"castle-continent":null,"castle-country":null,"castle-location":null,"castle-function":null,"castle-historical-era":null,"castle-unesco-status":null,"rank_math_primary_castle-unesco-status":null,"rank_math_primary_castle-function":null,"rank_math_primary_castle-historical-era":null,"rank_math_primary_castle-location":null,"rank_math_primary_castle-continent":null,"rank_math_primary_castle-country":null,"_wp_attachment_metadata":null,"rank_math_title":"Ponte en contacto con CastleQuest Chronicles hoy mismo","rank_math_description":"\u00bfTienes preguntas, comentarios o ideas? Contacta a CastleQuest Chronicles y con\u00e9ctate con nuestro equipo de exploradores de castillos y narradores de viajes. \u00a1Nos encantar\u00eda saber de ti!","rank_math_focus_keyword":"Contacto con CastleQuest Chronicles","_wpml_word_count":"130","_thumbnail_id":null,"_wpml_media_duplicate":"","_wpml_media_featured":"","rank_math_primary_category":null,"_wpml_media_has_media":null,"taxonomy_info":[],"featured_image_src_large":false,"author_info":{"display_name":"Gilles","author_link":"https:\/\/castlequestchronicles.com\/es\/author\/castlequest-chronicles\/"},"comment_info":0,"wpml_current_locale":"es_ES","wpml_translations":{"de_DE":{"locale":"de_DE","id":10198,"slug":"kontakt","post_title":"Kontakt","href":"https:\/\/castlequestchronicles.com\/de\/kontakt\/"},"pt_BR":{"locale":"pt_BR","id":10207,"slug":"contato-pt","post_title":"Contato","href":"https:\/\/castlequestchronicles.com\/pt-br\/contato-pt\/"}},"_links":{"self":[{"href":"https:\/\/castlequestchronicles.com\/es\/wp-json\/wp\/v2\/pages\/7624","targetHints":{"allow":["GET"]}}],"collection":[{"href":"https:\/\/castlequestchronicles.com\/es\/wp-json\/wp\/v2\/pages"}],"about":[{"href":"https:\/\/castlequestchronicles.com\/es\/wp-json\/wp\/v2\/types\/page"}],"author":[{"embeddable":true,"href":"https:\/\/castlequestchronicles.com\/es\/wp-json\/wp\/v2\/users\/2"}],"replies":[{"embeddable":true,"href":"https:\/\/castlequestchronicles.com\/es\/wp-json\/wp\/v2\/comments?post=7624"}],"version-history":[{"count":8,"href":"https:\/\/castlequestchronicles.com\/es\/wp-json\/wp\/v2\/pages\/7624\/revisions"}],"predecessor-version":[{"id":10224,"href":"https:\/\/castlequestchronicles.com\/es\/wp-json\/wp\/v2\/pages\/7624\/revisions\/10224"}],"wp:attachment":[{"href":"https:\/\/castlequestchronicles.com\/es\/wp-json\/wp\/v2\/media?parent=7624"}],"curies":[{"name":"wp","href":"https:\/\/api.w.org\/{rel}","templated":true}]}}