{"id":10237,"date":"2025-03-16T00:41:14","date_gmt":"2025-03-16T04:41:14","guid":{"rendered":"https:\/\/castlequestchronicles.com\/uber-uns\/"},"modified":"2025-05-31T09:34:20","modified_gmt":"2025-05-31T13:34:20","slug":"uber-uns","status":"publish","type":"page","link":"https:\/\/castlequestchronicles.com\/de\/uber-uns\/","title":{"rendered":"\u00dcber UNS"},"content":{"rendered":"\n    <div class=\"xs_social_share_widget xs_share_url both_content \t\tmain_content  wslu-style-2 wslu-share-box-shaped wslu-fill-colored wslu-share-m-5 wslu-none wslu-share-horizontal wslu-theme-font-no wslu-main_content\">\n\n\t\t\n        <ul>\n\t\t\t        <\/ul>\n    <\/div> \n\t\t<div data-elementor-type=\"wp-page\" data-elementor-id=\"10237\" class=\"elementor elementor-10237 elementor-5374\" data-elementor-post-type=\"page\">\n\t\t\t\t\t\t<section data-exad-particle-enable=\"false\" class=\"elementor-section elementor-top-section elementor-element elementor-element-171d016a elementor-section-boxed elementor-section-height-default elementor-section-height-default exad-parallax-effect-no exad-background-color-change-no rt-parallax-bg-no exad-glass-effect-no exad-sticky-section-no\" data-id=\"171d016a\" data-element_type=\"section\" data-e-type=\"section\" data-settings=\"{&quot;jet_parallax_layout_list&quot;:[]}\">\n\t\t\t\t\t\t<div class=\"elementor-container elementor-column-gap-default\">\n\t\t\t\t\t<div class=\"elementor-column elementor-col-100 elementor-top-column elementor-element elementor-element-9f99e7 exad-glass-effect-no exad-sticky-section-no\" data-id=\"9f99e7\" data-element_type=\"column\" data-e-type=\"column\">\n\t\t\t<div class=\"elementor-widget-wrap elementor-element-populated\">\n\t\t\t\t\t\t<div class=\"elementor-element elementor-element-4f094309 exad-sticky-section-no exad-glass-effect-no elementor-widget elementor-widget-text-editor\" data-id=\"4f094309\" data-element_type=\"widget\" data-e-type=\"widget\" data-widget_type=\"text-editor.default\">\n\t\t\t\t<div class=\"elementor-widget-container\">\n\t\t\t\t\t\t\t\t\t\n<h1 class=\"wp-block-heading\"><strong>Willkommen bei CastleQuest Chronicles<\/strong> \ud83c\udff0<\/h1>\n\n<div class=\"gb-element-6df3b315\">\n<p>Bei <strong>CastleQuest Chronicles<\/strong> sind Burgen nicht nur Orte \u2013 sie sind lebendige Geschichte, architektonische Meisterwerke und Tore zu epischen Geschichten. Wir sind leidenschaftliche Reisende, Geschichtenerz\u00e4hler und Historienliebhaber, die in den letzten zehn Jahren mehr als 30 L\u00e4nder bereist haben und dabei viele beeindruckende Burgen, legend\u00e4re Festungen und versteckte Sch\u00e4tze entdeckt haben. <\/p>\n<\/div>\n\n<h2 class=\"wp-block-heading\"><strong>Warum Uns Vertrauen?<\/strong><\/h2>\n\n<div class=\"gb-element-d4ea2e31\">\n<p>Wir schreiben nicht nur \u00fcber Burgen \u2013 wir reisen zu ihnen, durchschreiten ihre uralten Hallen und erleben ihre Magie aus erster Hand. In den letzten 10 Jahren haben wir alles erkundet, von mittelalterlichen Festungen in Europa \u00fcber antike Burgen in Asien bis hin zu k\u00f6niglichen Pal\u00e4sten in Nordamerika, und sind dabei stets tief in ihre Geschichte, Mythen und Geheimnisse eingetaucht. Anders als andere Quellen bieten wir dir pers\u00f6nliche Einblicke, fundierte Recherchen und reisepraxisbew\u00e4hrte Empfehlungen, damit du die authentischsten und verl\u00e4sslichsten Burgenf\u00fchrer erh\u00e4ltst.  <\/p>\n<\/div>\n\n<h2 class=\"wp-block-heading\"><strong>Unsere Burgensuche<\/strong><\/h2>\n\n<div class=\"gb-element-f1434dcd\">\n<p>Unsere Reise begann mit einer tiefen Faszination f\u00fcr Burgen, Geschichte und das Reisen \u2013 und wurde schnell zu einer Mission, diese unglaublichen Orte mit der Welt zu teilen. Ob du davon tr\u00e4umst, durch die m\u00e4rchenhaften T\u00fcrme von Neuschwanstein zu wandern, auf den kampferprobten Mauern des Edinburgh Castle zu stehen oder die mystischen Legenden von Bran Castle zu entdecken \u2013 wir bieten dir detaillierte Geschichten, praktische Reisetipps und atemberaubende Fotos, die deine eigene Reise unvergesslich machen. <\/p>\n<\/div>\n\n<h2 class=\"wp-block-heading\"><strong>Was du bei CastleQuest Chronicles findest<\/strong><\/h2>\n\n<div class=\"gb-element-d976cd13\">\n<p>\ud83d\udd39 <strong>Authentische Burgf\u00fchrer<\/strong> \u2013 Ausf\u00fchrliche, recherchierte Guides basierend auf echten Erfahrungen.<br>\ud83d\udd39 <strong>Versteckte Sch\u00e4tze & Must-Visit-Festungen<\/strong> \u2013 Entdecke geheime Orte abseits der typischen Touristenpfade.<br>\ud83d\udd39 <strong>Historische & mythische Erz\u00e4hlungen<\/strong> \u2013 Tauche ein in die Geschichten von K\u00f6nigen, K\u00f6niginnen, Rittern und legend\u00e4ren Schlachten.<br>\ud83d\udd39 <strong>Reisetipps & Reisepl\u00e4ne<\/strong> \u2013 Plane die perfekte Reise mit Expertenrat, wann und wie du am besten besuchst.<\/p>\n<\/div>\n\n<h2 class=\"wp-block-heading\"><strong>Mach mit auf diesem Abenteuer!<\/strong><\/h2>\n\n<div class=\"gb-element-be9dce31\">\n<p>Wir glauben, dass Burgen mehr sind als nur Ruinen oder Touristenattraktionen \u2013 sie sind zeitlose Monumente der Geschichte, Macht und Fantasie. Egal, ob du ein erfahrener Reisender, Geschichtsfan oder einfach jemand bist, der davon tr\u00e4umt, Burgen rund um die Welt zu entdecken: CastleQuest Chronicles ist deine ultimative Anlaufstelle. <\/p>\n<\/div>\n\n<h2 class=\"wp-block-heading\"><strong>Lass uns in Kontakt bleiben!<\/strong><\/h2>\n\n<p>Ich freue mich darauf, von anderen Reisenden zu h\u00f6ren! Wenn du Fragen hast, Reisetipps brauchst oder einfach deine Erlebnisse teilen m\u00f6chtest, besuche gerne unsere <a href=\"https:\/\/castlequestchronicles.com\/de\/kontakt\/\" data-type=\"link\" data-id=\"https:\/\/castlequestchronicles.com\/contact\/\">Kontaktseite<\/a>. <\/p>\n\n<p><strong>\ud83d\udcdc Folge unserer Reise, entdecke neue Burgen und lass uns gemeinsam dieses Abenteuer beginnen!<\/strong><\/p>\n\t\t\t\t\t\t\t\t<\/div>\n\t\t\t\t<\/div>\n\t\t\t\t\t<\/div>\n\t\t<\/div>\n\t\t\t\t\t<\/div>\n\t\t<\/section>\n\t\t\t\t<\/div>\n\t\t\n    <div class=\"xs_social_share_widget xs_share_url both_content \t\tmain_content  wslu-style-2 wslu-share-box-shaped wslu-fill-colored wslu-share-m-5 wslu-none wslu-share-horizontal wslu-theme-font-no wslu-main_content\">\n\n\t\t\n        <ul>\n\t\t\t        <\/ul>\n    <\/div> \n","protected":false},"excerpt":{"rendered":"<p>Willkommen bei CastleQuest Chronicles \ud83c\udff0 Bei CastleQuest Chronicles sind Burgen nicht nur Orte \u2013 sie sind lebendige Geschichte, architektonische Meisterwerke und Tore zu epischen Geschichten. Wir sind leidenschaftliche Reisende, Geschichtenerz\u00e4hler und Historienliebhaber, die in den letzten zehn Jahren mehr als 30 L\u00e4nder bereist haben und dabei viele beeindruckende Burgen, legend\u00e4re Festungen und versteckte Sch\u00e4tze entdeckt [&hellip;]<\/p>\n","protected":false},"author":2,"featured_media":0,"parent":0,"menu_order":0,"comment_status":"closed","ping_status":"closed","template":"elementor_theme","meta":{"_kad_blocks_custom_css":"","_kad_blocks_head_custom_js":"","_kad_blocks_body_custom_js":"","_kad_blocks_footer_custom_js":"","_monsterinsights_skip_tracking":false,"_monsterinsights_sitenote_active":false,"_monsterinsights_sitenote_note":"","_monsterinsights_sitenote_category":0,"footnotes":""},"class_list":["post-10237","page","type-page","status-publish","hentry"],"wpml_media_processed":null,"_wp_attachment_image_alt":null,"_wpml_media_usage":null,"short_description":null,"location":null,"continent":null,"country":null,"historical_era":null,"function":null,"construction_period":null,"architectural_style":null,"notable_residents":null,"unesco_status":null,"best_time":null,"official_website":null,"famous_for":null,"estimated_visit_duration":null,"location_perks":null,"visiting_tips":null,"historical_context":null,"castle_coordinates":null,"notable_figures":null,"castle-continent":null,"castle-country":null,"castle-location":null,"castle-function":null,"castle-historical-era":null,"castle-unesco-status":null,"rank_math_primary_castle-unesco-status":null,"rank_math_primary_castle-function":null,"rank_math_primary_castle-historical-era":null,"rank_math_primary_castle-location":null,"rank_math_primary_castle-continent":null,"rank_math_primary_castle-country":null,"_wp_attachment_metadata":null,"rank_math_title":"Lerne die Vision\u00e4re hinter CastleQuest Chronicles kennen","rank_math_description":"Entdecke die Geschichte von CastleQuest Chronicles. Lerne die leidenschaftlichen Entdecker kennen, die dir epische Geschichten, Geschichte und Reisef\u00fchrer zu den besten Burgen der Welt bringen. ","rank_math_focus_keyword":"\u00dcber CastleQuest Chronicles","_wpml_word_count":"480","_thumbnail_id":null,"_wpml_media_duplicate":"","_wpml_media_featured":"","rank_math_primary_category":null,"_wpml_media_has_media":null,"taxonomy_info":[],"featured_image_src_large":false,"author_info":{"display_name":"Gilles","author_link":"https:\/\/castlequestchronicles.com\/de\/author\/castlequest-chronicles\/"},"comment_info":0,"wpml_current_locale":"de_DE","wpml_translations":{"pt_BR":{"locale":"pt_BR","id":10241,"slug":"sobre-nos","post_title":"Sobre N\u00f3s","href":"https:\/\/castlequestchronicles.com\/pt-br\/sobre-nos\/"}},"_links":{"self":[{"href":"https:\/\/castlequestchronicles.com\/de\/wp-json\/wp\/v2\/pages\/10237","targetHints":{"allow":["GET"]}}],"collection":[{"href":"https:\/\/castlequestchronicles.com\/de\/wp-json\/wp\/v2\/pages"}],"about":[{"href":"https:\/\/castlequestchronicles.com\/de\/wp-json\/wp\/v2\/types\/page"}],"author":[{"embeddable":true,"href":"https:\/\/castlequestchronicles.com\/de\/wp-json\/wp\/v2\/users\/2"}],"replies":[{"embeddable":true,"href":"https:\/\/castlequestchronicles.com\/de\/wp-json\/wp\/v2\/comments?post=10237"}],"version-history":[{"count":3,"href":"https:\/\/castlequestchronicles.com\/de\/wp-json\/wp\/v2\/pages\/10237\/revisions"}],"predecessor-version":[{"id":10240,"href":"https:\/\/castlequestchronicles.com\/de\/wp-json\/wp\/v2\/pages\/10237\/revisions\/10240"}],"wp:attachment":[{"href":"https:\/\/castlequestchronicles.com\/de\/wp-json\/wp\/v2\/media?parent=10237"}],"curies":[{"name":"wp","href":"https:\/\/api.w.org\/{rel}","templated":true}]}}